{"id":53,"date":"2020-02-18T10:08:47","date_gmt":"2020-02-18T10:08:47","guid":{"rendered":"https:\/\/horizontal20.at\/?page_id=53"},"modified":"2020-03-03T15:27:53","modified_gmt":"2020-03-03T15:27:53","slug":"impressum","status":"publish","type":"page","link":"https:\/\/horizontal20.at\/index.php\/impressum\/","title":{"rendered":"Impressum"},"content":{"rendered":"<p>[vc_row][vc_column width=&#8220;1\/1&#8243;][vc_column_text]<\/p>\n<h1 class=\"adsimple-221092465\"><span class=\"font-150705\">Impressum<\/span><\/h1>\n<p class=\"adsimple-221092465\"><span class=\"font-150705\">Informationspflicht laut \u00a75 E-Commerce Gesetz, \u00a714 Unternehmensgesetzbuch, \u00a763 Gewerbeordnung und Offenlegungspflicht laut \u00a725 Mediengesetz.<\/span><\/p>\n<p><span class=\"font-150705\"><strong>SDW &#8211; Schule der Wahrnehmung<br \/>\n<\/strong>ZVR-Zahl: 1430919900<\/span><\/p>\n<p class=\"adsimple-221092465\"><span class=\"font-150705\">Kolpinggasse 8<br \/>\n9020 Klagenfurt am W\u00f6rthersee<br \/>\n\u00d6sterreich<\/span><\/p>\n<p class=\"adsimple-221092465\"><span class=\"font-150705\"><strong>Tel.: <\/strong>+43 676 843123418<br \/>\n<strong>E-Mail: <\/strong>info@horizontal20.at<\/span><\/p>\n<p style=\"margin-top: 15px;\"><span class=\"font-150705\">Quelle: Erstellt\u00a0mit dem <a style=\"text-decoration: none;\" title=\"Impressum Generator von firmenwebseiten.at\" href=\"https:\/\/www.firmenwebseiten.at\/impressum-generator\/\" target=\"_blank\" rel=\"follow noopener noreferrer\">Impressum Generator von firmenwebseiten.at<\/a>\u00a0in Kooperation mit <a style=\"text-decoration: none;\" title=\"\" href=\"https:\/\/www.signalkraft.at\" target=\"_blank\" rel=\"follow noopener noreferrer\">signalkraft.at<\/a><\/span><\/p>\n<h2 class=\"adsimple-221092465\"><span class=\"font-150705\">EU-Streitschlichtung<\/span><\/h2>\n<p><span class=\"font-150705\">Gem\u00e4\u00df Verordnung \u00fcber Online-Streitbeilegung in Verbraucherangelegenheiten (ODR-Verordnung) m\u00f6chten wir Sie \u00fcber die Online-Streitbeilegungsplattform (OS-Plattform) informieren.Verbraucher haben die M\u00f6glichkeit, Beschwerden an die Online Streitbeilegungsplattform der Europ\u00e4ischen Kommission unter <a class=\"external\" href=\"https:\/\/ec.europa.eu\/consumers\/odr\/main\/index.cfm?event=main.home2.show&amp;lng=DE\" target=\"_blank\" rel=\"nofollow noopener noreferrer\">http:\/\/ec.europa.eu\/odr?tid=221092465<\/a> zu richten. Die daf\u00fcr notwendigen Kontaktdaten finden Sie oberhalb in unserem Impressum.<\/span><\/p>\n<p><span class=\"font-150705\">Wir m\u00f6chten Sie jedoch darauf hinweisen, dass wir nicht bereit oder verpflichtet sind, an Streitbeilegungsverfahren vor einer Verbraucherschlichtungsstelle teilzunehmen.<\/span><\/p>\n<h2 class=\"adsimple-221092465\"><span class=\"font-150705\">Haftung f\u00fcr Inhalte dieser Webseite<\/span><\/h2>\n<p><span class=\"font-150705\">Wir entwickeln die Inhalte dieser Webseite st\u00e4ndig weiter und bem\u00fchen uns korrekte und aktuelle Informationen bereitzustellen. Leider k\u00f6nnen wir keine Haftung f\u00fcr die Korrektheit aller Inhalte auf dieser Webseite \u00fcbernehmen, speziell f\u00fcr jene die seitens Dritter bereitgestellt wurden.<\/span><\/p>\n<p><span class=\"font-150705\">Sollten Ihnen problematische oder rechtswidrige Inhalte auffallen, bitten wir Sie uns umgehend zu kontaktieren, Sie finden die Kontaktdaten im Impressum.<\/span><\/p>\n<h2 class=\"adsimple-221092465\"><span class=\"font-150705\">Haftung f\u00fcr Links auf dieser Webseite<\/span><\/h2>\n<p><span class=\"font-150705\">Unsere Webseite enth\u00e4lt Links zu anderen Webseiten f\u00fcr deren Inhalt wir nicht verantwortlich sind. Haftung f\u00fcr verlinkte Websites besteht laut <a class=\"external\" href=\"https:\/\/www.ris.bka.gv.at\/Dokument.wxe?Abfrage=Bundesnormen&amp;Dokumentnummer=NOR40025813&amp;tid=221092465\" target=\"_blank\" rel=\"noopener nofollow noreferrer\">\u00a7 17 ECG<\/a> f\u00fcr uns nicht, da wir keine Kenntnis rechtswidriger T\u00e4tigkeiten hatten und haben, uns solche Rechtswidrigkeiten auch bisher nicht aufgefallen sind und wir Links sofort entfernen w\u00fcrden, wenn uns Rechtswidrigkeiten bekannt werden.<\/span><\/p>\n<p><span class=\"font-150705\">Wenn Ihnen rechtswidrige Links auf unserer Website auffallen, bitten wir Sie uns zu kontaktieren, Sie finden die Kontaktdaten im Impressum.<\/span><\/p>\n<h2 class=\"adsimple-221092465\"><span class=\"font-150705\">Urheberrechtshinweis<\/span><\/h2>\n<p><span class=\"font-150705\">Alle Inhalte dieser Webseite (Bilder, Fotos, Texte, Videos) unterliegen dem Urheberrecht. Falls notwendig, werden wir die unerlaubte Nutzung von Teilen der Inhalte unserer Seite rechtlich verfolgen.<\/span><\/p>\n<h2 class=\"adsimple-221092465\"><span class=\"font-150705\">Bildernachweis<\/span><\/h2>\n<p><span class=\"font-150705\">Die Bilder, Fotos und Grafiken auf dieser Webseite sind urheberrechtlich gesch\u00fctzt.<\/span><\/p>\n<p><span class=\"font-150705\">Die Bilderrechte liegen bei den folgenden Fotografen und Unternehmen:<\/span><\/p>\n<ul class=\"adsimple-221092465\">\n<li class=\"adsimple-221092465\"><\/li>\n<\/ul>\n<p style=\"margin-top: 15px;\"><span class=\"font-150705\">Quelle: Erstellt\u00a0mit dem\u00a0<a style=\"text-decoration: none;\" title=\"Datenschutz Generator von firmenwebseiten.at\" href=\"https:\/\/www.firmenwebseiten.at\/datenschutz-generator\/\" target=\"_blank\" rel=\"follow noopener noreferrer\">Datenschutz Generator von firmenwebseiten.at<\/a>\u00a0in Kooperation mit <a style=\"text-decoration: none;\" title=\"\" href=\"https:\/\/www.gegenfalten.at\" target=\"_blank\" rel=\"follow noopener noreferrer\">gegenfalten.at<\/a><\/span><\/p>\n<p>[\/vc_column_text][\/vc_column][\/vc_row]<\/p>\n","protected":false},"excerpt":{"rendered":"<p>[vc_row][vc_column width=&#8220;1\/1&#8243;][vc_column_text] Impressum Informationspflicht laut \u00a75 E-Commerce Gesetz, \u00a714 Unternehmensgesetzbuch, \u00a763 Gewerbeordnung und Offenlegungspflicht laut \u00a725 Mediengesetz. SDW &#8211; Schule [&hellip;]<\/p>\n","protected":false},"author":1,"featured_media":0,"parent":0,"menu_order":0,"comment_status":"closed","ping_status":"closed","template":"","meta":[],"_links":{"self":[{"href":"https:\/\/horizontal20.at\/index.php\/wp-json\/wp\/v2\/pages\/53"}],"collection":[{"href":"https:\/\/horizontal20.at\/index.php\/wp-json\/wp\/v2\/pages"}],"about":[{"href":"https:\/\/horizontal20.at\/index.php\/wp-json\/wp\/v2\/types\/page"}],"author":[{"embeddable":true,"href":"https:\/\/horizontal20.at\/index.php\/wp-json\/wp\/v2\/users\/1"}],"replies":[{"embeddable":true,"href":"https:\/\/horizontal20.at\/index.php\/wp-json\/wp\/v2\/comments?post=53"}],"version-history":[{"count":6,"href":"https:\/\/horizontal20.at\/index.php\/wp-json\/wp\/v2\/pages\/53\/revisions"}],"predecessor-version":[{"id":295,"href":"https:\/\/horizontal20.at\/index.php\/wp-json\/wp\/v2\/pages\/53\/revisions\/295"}],"wp:attachment":[{"href":"https:\/\/horizontal20.at\/index.php\/wp-json\/wp\/v2\/media?parent=53"}],"curies":[{"name":"wp","href":"https:\/\/api.w.org\/{rel}","templated":true}]}}