{"id":55,"date":"2020-02-18T10:09:08","date_gmt":"2020-02-18T10:09:08","guid":{"rendered":"https:\/\/horizontal20.at\/?page_id=55"},"modified":"2020-03-03T10:42:22","modified_gmt":"2020-03-03T10:42:22","slug":"datenschutz","status":"publish","type":"page","link":"https:\/\/horizontal20.at\/index.php\/datenschutz\/","title":{"rendered":"Datenschutz"},"content":{"rendered":"<p>[vc_row][vc_column width=&#8220;1\/1&#8243;][vc_column_text]<\/p>\n<h1 class=\"adsimple-211092464\"><span class=\"font-150705\">Datenschutzerkl\u00e4rung<\/span><\/h1>\n<p><span class=\"font-150705\">Wir haben diese Datenschutzerkl\u00e4rung (Fassung 01.05.2019-211092464) verfasst, um Ihnen gem\u00e4\u00df der Vorgaben der Datenschutz-Grundverordnung (EU) 2016\/679 und dem <a class=\"external\" href=\"https:\/\/www.ris.bka.gv.at\/GeltendeFassung.wxe?Abfrage=Bundesnormen&amp;Gesetzesnummer=10001597&amp;tid=211092464\" target=\"_blank\" rel=\"noopener nofollow noreferrer\">Datenschutzgesetz (DSG)<\/a> zu erkl\u00e4ren, welche Informationen wir sammeln, wie wir Daten verwenden und welche Entscheidungsm\u00f6glichkeiten Sie als Besucher dieser Webseite haben.<\/span><\/p>\n<p><span class=\"font-150705\">Leider liegt es in der Natur der Sache, dass diese Erkl\u00e4rungen sehr technisch klingen, wir haben uns bei der Erstellung jedoch bem\u00fcht die wichtigsten Dinge so einfach und klar wie m\u00f6glich zu beschreiben.<\/span><\/p>\n<h2 class=\"adsimple-211092464\"><span class=\"font-150705\">Automatische Datenspeicherung<\/span><\/h2>\n<p><span class=\"font-150705\">Wenn Sie heutzutage Webseiten besuchen, werden gewisse Informationen automatisch erstellt und gespeichert, so auch auf dieser Webseite.<\/span><\/p>\n<p><span class=\"font-150705\">Wenn Sie unsere Webseite so wie jetzt gerade besuchen, speichert unser Webserver (Computer auf dem diese Webseite gespeichert ist) automatisch Daten wie<\/span><\/p>\n<ul class=\"adsimple-211092464\">\n<li class=\"adsimple-211092464\"><span class=\"font-150705\">die Adresse (URL) der aufgerufenen Webseite<\/span><\/li>\n<li class=\"adsimple-211092464\"><span class=\"font-150705\">Browser und Browserversion<\/span><\/li>\n<li class=\"adsimple-211092464\"><span class=\"font-150705\">das verwendete Betriebssystem<\/span><\/li>\n<li class=\"adsimple-211092464\"><span class=\"font-150705\">die Adresse (URL) der zuvor besuchten Seite (Referrer URL)<\/span><\/li>\n<li class=\"adsimple-211092464\"><span class=\"font-150705\">den Hostname und die IP-Adresse des Ger\u00e4ts von welchem aus zugegriffen wird<\/span><\/li>\n<li class=\"adsimple-211092464\"><span class=\"font-150705\">Datum und Uhrzeit<\/span><\/li>\n<\/ul>\n<p><span class=\"font-150705\">in Dateien (Webserver-Logfiles).<\/span><\/p>\n<p><span class=\"font-150705\">In der Regel werden Webserver-Logfiles zwei Wochen gespeichert und danach automatisch gel\u00f6scht. Wir geben diese Daten nicht weiter, k\u00f6nnen jedoch nicht ausschlie\u00dfen, dass diese Daten beim Vorliegen von rechtswidrigem Verhalten eingesehen werden.Die Rechtsgrundlage besteht nach <a class=\"external\" href=\"https:\/\/eur-lex.europa.eu\/legal-content\/DE\/TXT\/HTML\/?uri=CELEX:32016R0679&amp;from=DE&amp;tid=211092464\" target=\"_blank\" rel=\"noopener nofollow noreferrer\">Artikel 6\u00a0 Absatz 1 f DSGVO<\/a> (Rechtm\u00e4\u00dfigkeit der Verarbeitung) darin, dass berechtigtes Interesse daran besteht, den fehlerfreien Betrieb dieser Webseite durch das Erfassen von Webserver-Logfiles zu erm\u00f6glichen.<\/span><\/p>\n<h2 class=\"adsimple-211092464\"><span class=\"font-150705\">Cookies<\/span><\/h2>\n<p><span class=\"font-150705\">Unsere Website verwendet HTTP-Cookies um nutzerspezifische Daten zu speichern.Im Folgenden erkl\u00e4ren wir, was Cookies sind und warum Sie genutzt werden, damit Sie die folgende Datenschutzerkl\u00e4rung besser verstehen.<\/span><\/p>\n<h3 class=\"adsimple-211092464\"><span class=\"font-150705\">Was genau sind Cookies?<\/span><\/h3>\n<p><span class=\"font-150705\">Immer wenn Sie durch das Internet surfen, verwenden Sie einen Browser. Bekannte Browser sind beispielsweise Chrome, Safari, Firefox, Internet Explorer und Microsoft Edge. Die meisten Webseiten speichern kleine Text-Dateien in Ihrem Browser. Diese Dateien nennt man Cookies.<\/span><\/p>\n<p><span class=\"font-150705\">Eines ist nicht von der Hand zu weisen: Cookies sind echt n\u00fctzliche Helferlein. Fast alle Webseiten verwenden\u00a0Cookies. Genauer gesprochen sind es HTTP-Cookies, da es auch noch anderer Cookies f\u00fcr andere Anwendungsbereiche gibt. HTTP-Cookies\u00a0sind kleine Dateien, die von unserer Website auf Ihrem Computer gespeichert werden. Diese Cookie-Dateien werden automatisch im Cookie-Ordner, quasi dem \u201eHirn\u201c Ihres Browsers, untergebracht. Ein Cookie besteht aus einem Namen und einem Wert. Bei der Definition eines Cookies m\u00fcssen zus\u00e4tzlich ein oder mehrere Attribute angegeben werden.<\/span><\/p>\n<p><span class=\"font-150705\">Cookies\u00a0speichern gewisse Nutzerdaten von Ihnen, wie beispielsweise Sprache oder pers\u00f6nliche Seiteneinstellungen. Wenn Sie unsere Seite wieder aufrufen, \u00fcbermittelt Ihr Browser die \u201euserbezogenen\u201c Informationen an unsere Seite zur\u00fcck. Dank der Cookies wei\u00df unsere Website, wer Sie sind und bietet Ihnen Ihre gewohnte Standardeinstellung. In einigen Browsern hat jedes\u00a0Cookie\u00a0eine eigene Datei, in anderen wie beispielsweise Firefox sind alle\u00a0Cookies\u00a0in einer einzigen Datei gespeichert.<\/span><\/p>\n<p><span class=\"font-150705\">Es gibt sowohl Erstanbieter Cookies als auch Drittanbieter-Cookies. Erstanbieter-Cookies werden direkt von unserer Seite erstellt, Drittanbieter-Cookies werden von Partner-Webseiten (z.B. Google Analytics) erstellt.\u00a0Jedes Cookie ist individuell zu bewerten, da jedes Cookie andere Daten speichert. Auch die Ablaufzeit eines Cookies variiert von ein paar Minuten bis hin zu ein paar Jahren.\u00a0Cookies sind keine Software-Programme und enthalten keine Viren, Trojaner oder andere \u201eSch\u00e4dlinge\u201c. Cookies k\u00f6nnen auch nicht auf Informationen Ihres PCs zugreifen.<\/span><\/p>\n<p><span class=\"font-150705\">So k\u00f6nnen zum Beispiel Cookie-Daten aussehen:<\/span><\/p>\n<ul class=\"adsimple-211092464\">\n<li class=\"adsimple-211092464\"><span class=\"font-150705\">Name: _ga<\/span><\/li>\n<li class=\"adsimple-211092464\"><span class=\"font-150705\">Ablaufzeit: 2 Jahre<\/span><\/li>\n<li class=\"adsimple-211092464\"><span class=\"font-150705\">Verwendung: Unterscheidung der Webseitenbesucher<\/span><\/li>\n<li class=\"adsimple-211092464\"><span class=\"font-150705\">Beispielhafter Wert:\u00a0GA1.2.1326744211.152211092464<\/span><\/li>\n<\/ul>\n<p><span class=\"font-150705\">Ein Browser sollte folgende Mindestgr\u00f6\u00dfen unterst\u00fctzen:<\/span><\/p>\n<ul class=\"adsimple-211092464\">\n<li class=\"adsimple-211092464\"><span class=\"font-150705\">Ein Cookie soll mindestens 4096 Bytes enthalten k\u00f6nnen<\/span><\/li>\n<li class=\"adsimple-211092464\"><span class=\"font-150705\">Pro Domain sollen mindestens 50 Cookies gespeichert werden k\u00f6nnen<\/span><\/li>\n<li class=\"adsimple-211092464\"><span class=\"font-150705\">Insgesamt sollen mindestens 3000 Cookies gespeichert werden k\u00f6nnen<\/span><\/li>\n<\/ul>\n<h3 class=\"adsimple-211092464\"><span class=\"font-150705\">Welche Arten von Cookies gibt es?<\/span><\/h3>\n<p><span class=\"font-150705\">Die Frage welche Cookies wir im Speziellen verwenden, h\u00e4ngt von den verwendeten Diensten ab und wird in der folgenden Abschnitten der Datenschutzerkl\u00e4rung gekl\u00e4rt. An dieser Stelle m\u00f6chten wir kurz auf die verschiedenen Arten von HTTP-Cookies eingehen.<\/span><\/p>\n<p><span class=\"font-150705\">Man kann 4 Arten von Cookies unterscheiden:<\/span><\/p>\n<p><span class=\"font-150705\"><strong class=\"adsimple-211092464\">Unbedingt notwendige Cookies<br \/>\n<\/strong>Diese Cookies sind n\u00f6tig, um grundlegende Funktionen der Website sicherzustellen. Zum Beispiel braucht es diese Cookies, wenn ein User ein Produkt in den Warenkorb legt, dann auf anderen Seiten weitersurft und sp\u00e4ter erst zur Kasse geht. Durch diese Cookies wird der Warenkorb nicht gel\u00f6scht, selbst wenn der User sein Browserfenster schlie\u00dft.<\/span><\/p>\n<p><span class=\"font-150705\"><strong class=\"adsimple-211092464\">Funktionelle Cookies<br \/>\n<\/strong>Diese Cookies sammeln Infos \u00fcber das Userverhalten und ob der User etwaige Fehlermeldungen bekommt. Zudem werden mithilfe dieser Cookies auch die Ladezeit und das Verhalten der Website bei verschiedenen Browsern gemessen.<\/span><\/p>\n<p><span class=\"font-150705\"><strong class=\"adsimple-211092464\">Zielorientierte Cookies<br \/>\n<\/strong>Diese Cookies sorgen f\u00fcr eine bessere Nutzerfreundlichkeit. Beispielsweise werden eingegebene Standorte, Schriftgr\u00f6\u00dfen oder Formulardaten gespeichert.<\/span><\/p>\n<p><span class=\"font-150705\"><strong class=\"adsimple-211092464\">Werbe-Cookies<br \/>\n<\/strong>Diese Cookies werden auch Targeting-Cookies genannt. Sie dienen dazu dem User individuell angepasste Werbung zu liefern. Das kann sehr praktisch, aber auch sehr nervig sein.<\/span><\/p>\n<p><span class=\"font-150705\">\u00dcblicherweise werden Sie beim erstmaligen Besuch einer Webseite gefragt, welche dieser Cookiearten Sie zulassen m\u00f6chten. Und nat\u00fcrlich wird diese Entscheidung auch in einem Cookie gespeichert.<\/span><\/p>\n<h3 class=\"adsimple-211092464\"><span class=\"font-150705\">Wie kann ich Cookies l\u00f6schen?<\/span><\/h3>\n<p><span class=\"font-150705\">Wie und ob Sie Cookies verwenden wollen, entscheiden Sie selbst. Unabh\u00e4ngig von welchem Service oder welcher Website die Cookies stammen, haben Sie immer die M\u00f6glichkeit\u00a0Cookies zu l\u00f6schen, nur teilweise zuzulassen oder zu deaktivieren. Zum Beispiel k\u00f6nnen Sie Cookies von Drittanbietern blockieren, aber alle anderen Cookies zulassen.<\/span><\/p>\n<p><span class=\"font-150705\">Wenn Sie feststellen m\u00f6chten, welche Cookies in Ihrem Browser gespeichert wurden, wenn Sie Cookie-Einstellungen \u00e4ndern oder l\u00f6schen wollen, k\u00f6nnen Sie dies in Ihren Browser-Einstellungen finden:<\/span><\/p>\n<p><span class=\"font-150705\"><a class=\"external\" href=\"https:\/\/support.google.com\/chrome\/answer\/95647?tid=211092464\" rel=\"nofollow\">Chrome: Cookies in Chrome l\u00f6schen, aktivieren und verwalten<\/a><\/span><\/p>\n<p><span class=\"font-150705\"><a class=\"external\" href=\"https:\/\/support.apple.com\/de-at\/guide\/safari\/sfri11471\/mac?tid=211092464\" rel=\"nofollow\">Safari: Verwalten von Cookies und Websitedaten mit Safari<\/a><\/span><\/p>\n<p><span class=\"font-150705\"><a class=\"external\" href=\"https:\/\/support.mozilla.org\/de\/kb\/cookies-und-website-daten-in-firefox-loschen?tid=211092464\" rel=\"nofollow\">Firefox: Cookies l\u00f6schen, um Daten zu entfernen, die Websites auf Ihrem Computer abgelegt haben<\/a><\/span><\/p>\n<p><span class=\"font-150705\"><a class=\"external\" href=\"https:\/\/support.microsoft.com\/de-at\/help\/17442\/windows-internet-explorer-delete-manage-cookies?tid=211092464\" rel=\"nofollow\">Internet Explorer: L\u00f6schen und Verwalten von Cookies<\/a><\/span><\/p>\n<p><span class=\"font-150705\"><a class=\"external\" href=\"https:\/\/support.microsoft.com\/de-at\/help\/4027947\/windows-delete-cookies?tid=211092464\" rel=\"nofollow\">Microsoft Edge: L\u00f6schen und Verwalten von Cookies<\/a><\/span><\/p>\n<p><span class=\"font-150705\">Falls Sie grunds\u00e4tzlich keine Cookies haben wollen, k\u00f6nnen Sie Ihren Browser so einrichten, dass er Sie immer informiert, wenn ein Cookie gesetzt werden soll. So k\u00f6nnen Sie bei jedem einzelnen Cookie entscheiden, ob Sie das Cookie erlauben oder nicht. Die Vorgangsweise ist je nach Browser verschieden. Am besten ist es Sie suchen die Anleitung in Google mit dem Suchbegriff \u201cCookies l\u00f6schen Chrome\u201d oder \u201eCookies deaktivieren Chrome\u201c im Falle eines Chrome Browsers oder tauschen das Wort \u201eChrome\u201c gegen den Namen Ihres Browsers, z.B. Edge, Firefox, Safari aus.<\/span><\/p>\n<h3 class=\"adsimple-211092464\"><span class=\"font-150705\">Wie sieht es mit meinem Datenschutz aus?<\/span><\/h3>\n<p><span class=\"font-150705\">Seit 2009 gibt es die sogenannten \u201eCookie-Richtlinien\u201c. Darin ist festgehalten, dass das Speichern von Cookies eine Einwilligung des Website-Besuchers (also von Ihnen) verlangt. Innerhalb der EU-L\u00e4nder gibt es allerdings noch sehr unterschiedliche Reaktionen auf diese Richtlinien. In \u00d6sterreich erfolgte aber die Umsetzung dieser Richtlinie in \u00a7 96 Abs. 3 des Telekommunikationsgesetzes (TKG).<\/span><\/p>\n<p><span class=\"font-150705\">Wenn Sie mehr \u00fcber Cookies wissen m\u00f6chten und vor technischen Dokumentationen nicht zur\u00fcckscheuen, empfehlen wir\u00a0<a class=\"external\" href=\"https:\/\/tools.ietf.org\/html\/rfc6265\" target=\"_blank\" rel=\"nofollow noopener noreferrer\">https:\/\/tools.ietf.org\/html\/rfc6265<\/a>, dem Request for Comments der Internet Engineering Task Force (IETF) namens \u201eHTTP State Management Mechanism\u201c.<\/span><\/p>\n<h2 class=\"adsimple-211092464\"><span class=\"font-150705\">Speicherung pers\u00f6nlicher Daten<\/span><\/h2>\n<p><span class=\"font-150705\">Pers\u00f6nliche Daten, die Sie uns auf dieser Website elektronisch \u00fcbermitteln, wie zum Beispiel Name, E-Mail-Adresse, Adresse oder andere pers\u00f6nlichen Angaben im Rahmen der \u00dcbermittlung eines Formulars oder Kommentaren im Blog, werden von uns gemeinsam mit dem Zeitpunkt und der IP-Adresse nur zum jeweils angegebenen Zweck verwendet, sicher verwahrt und nicht an Dritte weitergegeben.<\/span><\/p>\n<p><span class=\"font-150705\">Wir nutzen Ihre pers\u00f6nlichen Daten somit nur f\u00fcr die Kommunikation mit jenen Besuchern, die Kontakt ausdr\u00fccklich w\u00fcnschen und f\u00fcr die Abwicklung der auf dieser Webseite angebotenen Dienstleistungen und Produkte. Wir geben Ihre pers\u00f6nlichen Daten ohne Zustimmung nicht weiter, k\u00f6nnen jedoch nicht ausschlie\u00dfen, dass diese Daten beim Vorliegen von rechtswidrigem Verhalten eingesehen werden.<\/span><\/p>\n<p><span class=\"font-150705\">Wenn Sie uns pers\u00f6nliche Daten per E-Mail schicken \u2013 somit abseits dieser Webseite \u2013 k\u00f6nnen wir keine sichere \u00dcbertragung und den Schutz Ihrer Daten garantieren. Wir empfehlen Ihnen, vertrauliche Daten niemals unverschl\u00fcsselt per E-Mail zu \u00fcbermitteln.<\/span><\/p>\n<p><span class=\"font-150705\">Die Rechtsgrundlage besteht nach <a class=\"external\" href=\"https:\/\/eur-lex.europa.eu\/legal-content\/DE\/TXT\/HTML\/?uri=CELEX:32016R0679&amp;from=DE&amp;tid=211092464\" target=\"_blank\" rel=\"noopener nofollow noreferrer\">Artikel 6\u00a0 Absatz 1 a DSGVO<\/a> (Rechtm\u00e4\u00dfigkeit der Verarbeitung) darin, dass Sie uns die Einwilligung zur Verarbeitung der von Ihnen eingegebenen Daten geben. Sie k\u00f6nnen diesen Einwilligung jederzeit widerrufen \u2013 eine formlose E-Mail reicht aus, Sie finden unsere Kontaktdaten im Impressum.<\/span><\/p>\n<h2 class=\"adsimple-211092464\"><span class=\"font-150705\">Rechte laut Datenschutzgrundverordnung<\/span><\/h2>\n<p><span class=\"font-150705\">Ihnen stehen laut den Bestimmungen der DSGVO und des \u00f6sterreichischen <a class=\"external\" href=\"https:\/\/www.ris.bka.gv.at\/GeltendeFassung.wxe?Abfrage=Bundesnormen&amp;Gesetzesnummer=10001597&amp;tid=211092464\" target=\"_blank\" rel=\"noopener nofollow noreferrer\">Datenschutzgesetzes (DSG)<\/a> grunds\u00e4tzlich die folgende Rechte zu:<\/span><\/p>\n<ul class=\"adsimple-211092464\">\n<li class=\"adsimple-211092464\"><span class=\"font-150705\">Recht auf Berichtung (Artikel 16 DSGVO)<\/span><\/li>\n<li class=\"adsimple-211092464\"><span class=\"font-150705\">Recht auf L\u00f6schung (\u201eRecht auf Vergessenwerden\u201c) (Artikel 17 DSGVO)<\/span><\/li>\n<li class=\"adsimple-211092464\"><span class=\"font-150705\">Recht auf Einschr\u00e4nkung der Verarbeitung (Artikel 18 DSGVO)<\/span><\/li>\n<li class=\"adsimple-211092464\"><span class=\"font-150705\">Recht auf Benachrichtigung \u2013 Mitteilungspflicht im Zusammenhang mit der Berichtigung oder L\u00f6schung personenbezogener Daten oder der Einschr\u00e4nkung der Verarbeitung (Artikel 19 DSGVO)<\/span><\/li>\n<li class=\"adsimple-211092464\"><span class=\"font-150705\">Recht auf Daten\u00fcbertragbarkeit (Artikel 20 DSGVO)<\/span><\/li>\n<li class=\"adsimple-211092464\"><span class=\"font-150705\">Widerspruchsrecht (Artikel 21 DSGVO)<\/span><\/li>\n<li class=\"adsimple-211092464\"><span class=\"font-150705\">Recht, nicht einer ausschlie\u00dflich auf einer automatisierten Verarbeitung \u2014 einschlie\u00dflich Profiling \u2014 beruhenden Entscheidung unterworfen zu werden (Artikel 22 DSGVO)<\/span><\/li>\n<\/ul>\n<p><span class=\"font-150705\">Wenn Sie glauben, dass die Verarbeitung Ihrer Daten gegen das Datenschutzrecht verst\u00f6\u00dft oder Ihre datenschutzrechtlichen Anspr\u00fcche sonst in einer Weise verletzt worden sind, k\u00f6nnen Sie sich bei der Aufsichtsbeh\u00f6rde beschweren, welche in \u00d6sterreich die Datenschutzbeh\u00f6rde ist, deren Webseite Sie unter <a class=\"external\" href=\"https:\/\/www.dsb.gv.at\/?tid=211092464\" rel=\"nofollow\">https:\/\/www.dsb.gv.at\/<\/a> finden.<\/span><\/p>\n<h2 class=\"adsimple-211092464\"><span class=\"font-150705\">TLS-Verschl\u00fcsselung mit https<\/span><\/h2>\n<p><span class=\"font-150705\">Wir verwenden https um Daten abh\u00f6rsicher im Internet zu \u00fcbertragen (Datenschutz durch Technikgestaltung <a class=\"external\" href=\"https:\/\/eur-lex.europa.eu\/legal-content\/DE\/TXT\/HTML\/?uri=CELEX:32016R0679&amp;from=DE&amp;tid=211092464\" target=\"_blank\" rel=\"noopener nofollow noreferrer\">Artikel 25 Absatz 1 DSGVO<\/a>). Durch den Einsatz von TLS (Transport Layer Security), einem Verschl\u00fcsselungsprotokoll zur sicheren Daten\u00fcbertragung im Internet k\u00f6nnen wir den Schutz vertraulicher Daten sicherstellen. Sie erkennen die Benutzung dieser Absicherung der Daten\u00fcbertragung am kleinen Schlosssymbol links oben im Browser und der Verwendung des Schemas https (anstatt http) als Teil unserer Internetadresse.<\/span><\/p>\n<p style=\"margin-top: 15px;\"><span class=\"font-150705\">Quelle: Erstellt\u00a0mit dem\u00a0<a style=\"text-decoration: none;\" title=\"Datenschutz Generator von firmenwebseiten.at\" href=\"https:\/\/www.firmenwebseiten.at\/datenschutz-generator\/\" target=\"_blank\" rel=\"follow noopener noreferrer\">Datenschutz Generator von firmenwebseiten.at<\/a>\u00a0in Kooperation mit <a style=\"text-decoration: none;\" title=\"\" href=\"https:\/\/www.expon.at\" target=\"_blank\" rel=\"follow noopener noreferrer\">expon.at<\/a><\/span><\/p>\n<p>[\/vc_column_text][\/vc_column][\/vc_row]<\/p>\n","protected":false},"excerpt":{"rendered":"<p>[vc_row][vc_column width=&#8220;1\/1&#8243;][vc_column_text] Datenschutzerkl\u00e4rung Wir haben diese Datenschutzerkl\u00e4rung (Fassung 01.05.2019-211092464) verfasst, um Ihnen gem\u00e4\u00df der Vorgaben der Datenschutz-Grundverordnung (EU) 2016\/679 und [&hellip;]<\/p>\n","protected":false},"author":1,"featured_media":0,"parent":0,"menu_order":0,"comment_status":"closed","ping_status":"closed","template":"","meta":[],"_links":{"self":[{"href":"https:\/\/horizontal20.at\/index.php\/wp-json\/wp\/v2\/pages\/55"}],"collection":[{"href":"https:\/\/horizontal20.at\/index.php\/wp-json\/wp\/v2\/pages"}],"about":[{"href":"https:\/\/horizontal20.at\/index.php\/wp-json\/wp\/v2\/types\/page"}],"author":[{"embeddable":true,"href":"https:\/\/horizontal20.at\/index.php\/wp-json\/wp\/v2\/users\/1"}],"replies":[{"embeddable":true,"href":"https:\/\/horizontal20.at\/index.php\/wp-json\/wp\/v2\/comments?post=55"}],"version-history":[{"count":4,"href":"https:\/\/horizontal20.at\/index.php\/wp-json\/wp\/v2\/pages\/55\/revisions"}],"predecessor-version":[{"id":282,"href":"https:\/\/horizontal20.at\/index.php\/wp-json\/wp\/v2\/pages\/55\/revisions\/282"}],"wp:attachment":[{"href":"https:\/\/horizontal20.at\/index.php\/wp-json\/wp\/v2\/media?parent=55"}],"curies":[{"name":"wp","href":"https:\/\/api.w.org\/{rel}","templated":true}]}}