{"id":79,"date":"2020-02-20T15:28:41","date_gmt":"2020-02-20T15:28:41","guid":{"rendered":"https:\/\/horizontal20.at\/?page_id=79"},"modified":"2020-03-03T16:37:00","modified_gmt":"2020-03-03T16:37:00","slug":"schule-der-wahrnehmung","status":"publish","type":"page","link":"https:\/\/horizontal20.at\/index.php\/schule-der-wahrnehmung\/","title":{"rendered":"Schule der Wahrnehmung"},"content":{"rendered":"<p>[vc_row][vc_column width=&#8220;1\/1&#8243;][vc_single_image media=&#8220;238&#8243; media_width_percent=&#8220;100&#8243;][\/vc_column][\/vc_row][vc_row][vc_column width=&#8220;1\/1&#8243;][vc_column_text]<\/p>\n<h1><span class=\"font-150705\">schule der wahrnehmung<\/span><\/h1>\n<h2 class=\"p1\"><span class=\"font-150705\">vereinsleitbild<\/span><\/h2>\n<p class=\"p1\"><span class=\"font-150705\">Wir leben in einer Welt, in der durch Digitalisierung der Medien, durch Reiz- und Informations\u00fcberflutung und durch die enorme Beschleunigung des Alltages der Verlust von Zeit- und Raumempfindung bedingt ist und unsere Wahrnehmungsf\u00e4higkeit \u00e4u\u00dferst gefordert bzw. \u00fcberhaupt neu definiert wird. Die Fremdbestimmung nimmt subtil in einer gro\u00dfteils nicht wahrgenommenen Weise zu, wir werden ungefragt immer st\u00e4rker konditioniert und \u00bbgez\u00e4hmt\u00ab.<\/span><\/p>\n<p class=\"p1\"><span class=\"font-150705\">Wahrnehmung ist ein individuell kultureller Vorgang:<span class=\"Apple-converted-space\">\u00a0 <\/span>Es sind die Erfahrungen jedes Einzelnen selbst, in denen uns die Dinge erscheinen. Die Wahrnehmung schafft den Bezug unseres Denkens zur \u00bbobjektiven Realit\u00e4t\u00ab. Sie ist unser wesentlicher Zugang zur Wirklichkeit. Das hei\u00dft, es gibt eine Vielfalt der von uns wahrgenommenen oder generierten Realit\u00e4ten. Durch die Vielheit der Sinne, zu denen auch das Denken geh\u00f6rt, vernetzen wir die vielen Eindr\u00fccke und entdecken, wie sie wirklich zusammenh\u00e4ngen.<\/span><\/p>\n<p class=\"p1\"><span class=\"font-150705\">Die \u00bbSchule der Wahrnehmung\u00ab stellt diese Vernetzung in den Mittelpunkt ihrer Aktivit\u00e4ten als Verein mit dem Ziel, Wahrnehmungen zu erzeugen, bewusst zu machen und gemeinsam zu erleben, die m\u00f6glichst breitgef\u00e4chert unser kulturelles Umfeld, aber auch jenes des \u00bbnormalen\u00ab Alltags zum Gegenstand und Inhalt haben, um die Auseinandersetzung damit zu f\u00f6rdern.<\/span><\/p>\n<h2 class=\"p1\"><span class=\"font-150705\">aufgaben, werte und ziele<\/span><\/h2>\n<ul>\n<li class=\"p1\"><span class=\"font-150705\">Erkennen der Sinnlichkeit des Denkens<\/span><\/li>\n<li class=\"p1\"><span class=\"font-150705\">Ethische und \u00e4sthetische Sensibilit\u00e4t als Zugang zur Wirklichkeit<\/span><\/li>\n<li class=\"p1\"><span class=\"font-150705\">St\u00e4rkung des Vertrauens auf unsere Sinneswahrnehmung und unser Denken (\u00bb..was wirklich der Fall ist\u00ab)<\/span><\/li>\n<li class=\"p1\"><span class=\"font-150705\">Gemeinsame soziale und kulturelle Wahrnehmungsvorg\u00e4nge f\u00f6rdern, mit neuen Erkenntnissen Grenzen aufbrechen<\/span><\/li>\n<li class=\"p1\"><span class=\"font-150705\">nicht zuletzt Selbsterkenntnis<\/span><\/li>\n<\/ul>\n<p>[\/vc_column_text][\/vc_column][\/vc_row]<\/p>\n","protected":false},"excerpt":{"rendered":"<p>[vc_row][vc_column width=&#8220;1\/1&#8243;][vc_single_image media=&#8220;238&#8243; media_width_percent=&#8220;100&#8243;][\/vc_column][\/vc_row][vc_row][vc_column width=&#8220;1\/1&#8243;][vc_column_text] schule der wahrnehmung vereinsleitbild Wir leben in einer Welt, in der durch Digitalisierung der Medien, [&hellip;]<\/p>\n","protected":false},"author":1,"featured_media":0,"parent":0,"menu_order":0,"comment_status":"closed","ping_status":"closed","template":"","meta":[],"_links":{"self":[{"href":"https:\/\/horizontal20.at\/index.php\/wp-json\/wp\/v2\/pages\/79"}],"collection":[{"href":"https:\/\/horizontal20.at\/index.php\/wp-json\/wp\/v2\/pages"}],"about":[{"href":"https:\/\/horizontal20.at\/index.php\/wp-json\/wp\/v2\/types\/page"}],"author":[{"embeddable":true,"href":"https:\/\/horizontal20.at\/index.php\/wp-json\/wp\/v2\/users\/1"}],"replies":[{"embeddable":true,"href":"https:\/\/horizontal20.at\/index.php\/wp-json\/wp\/v2\/comments?post=79"}],"version-history":[{"count":5,"href":"https:\/\/horizontal20.at\/index.php\/wp-json\/wp\/v2\/pages\/79\/revisions"}],"predecessor-version":[{"id":314,"href":"https:\/\/horizontal20.at\/index.php\/wp-json\/wp\/v2\/pages\/79\/revisions\/314"}],"wp:attachment":[{"href":"https:\/\/horizontal20.at\/index.php\/wp-json\/wp\/v2\/media?parent=79"}],"curies":[{"name":"wp","href":"https:\/\/api.w.org\/{rel}","templated":true}]}}