{"id":83,"date":"2020-02-21T15:29:30","date_gmt":"2020-02-21T15:29:30","guid":{"rendered":"https:\/\/horizontal20.at\/?page_id=83"},"modified":"2020-07-18T11:29:24","modified_gmt":"2020-07-18T11:29:24","slug":"sponsoreninfo","status":"publish","type":"page","link":"https:\/\/horizontal20.at\/index.php\/sponsoreninfo\/","title":{"rendered":"Sponsoreninfo"},"content":{"rendered":"<p>[vc_row][vc_column width=&#8220;1\/1&#8243;][vc_column_text]<\/p>\n<h1><span class=\"font-150705\">vorteile f\u00fcr sponsoren<\/span><\/h1>\n<h2><\/h2>\n<h2 class=\"p1\"><span class=\"font-150705\">firmenlogo auf drucksorten<\/span><\/h2>\n<p class=\"p1\"><span class=\"font-150705\">Zu den Veranstaltungen von horizontal20 \u2013 Festival f\u00fcr neue Perspektiven wird ein Programmheft mit allen Terminen, Projektbeschreibungen und K\u00fcnstlerbiografien erscheinen. Sponsorenlogos werden hier in einem eigenen, \u00fcbersichtlichen Bereich aufscheinen. Zudem werden die Sponsorenlogos sowohl auf der Hompage horizontal20.at als auch im Festivalkatalog platziert.<\/span><\/p>\n<h2 class=\"p1\"><span class=\"font-150705\">gratisexemplar der festivalpublikation<\/span><\/h2>\n<p class=\"p1\"><span class=\"font-150705\">Zum Festival erscheint eine sch\u00f6n gestaltete, alle Veranstaltungen und Hintergr\u00fcnde umfassende Publikation (im Fr\u00fchjahr 2021). Alle Sponsoren werden darin genannt und erhalten ein Gratisexemplar. Geplante Auflage: 1.000 St\u00fcck.<\/span><\/p>\n<h2 class=\"p1\"><span class=\"font-150705\">videostatements<\/span><\/h2>\n<p class=\"p1\"><span class=\"font-150705\">Ab einem Betrag von 4.700 Euro werden Videostatements des jeweiligen Sponsors produziert und auf den Social-Media-Kan\u00e4len von horizontal20 (facebook und instagram) sowie auf der Festival-Homepage horizontal20.at gepostet.<\/span><\/p>\n<h2 class=\"p1\"><span class=\"font-150705\">sonderf\u00fchrung<\/span><\/h2>\n<p class=\"p1\"><span class=\"font-150705\">Optional f\u00fchren wir Gro\u00dfsponsoren (ab 4.700 Euro) gerne, z. B. im Rahmen eines speziellen Kundenevents, durch Armin Guerinos \u00bb20 Spiegel\u00ab in Unterkrajach (Er\u00f6ffnung am 17. Juli 2020) oder durch den labyrinthischen Garten von Johann K\u00f6llich in Kirschentheuer (\u00bbPhi Lanthropie\u00ab).<\/span><\/p>\n<h2 class=\"p1\"><span class=\"font-150705\">get together aller sponsoren<\/span><\/h2>\n<p class=\"p1\"><span class=\"font-150705\">F\u00fcr alle unsere Sponsoren richten wir ein Get together im Anschluss an das Festival aus. Stattfinden wird das Treffen in Klagenfurt, der genaue Ort und Termin werden noch bekanntgegeben.<\/span><\/p>\n<p>[\/vc_column_text][\/vc_column][\/vc_row]<\/p>\n","protected":false},"excerpt":{"rendered":"<p>[vc_row][vc_column width=&#8220;1\/1&#8243;][vc_column_text] vorteile f\u00fcr sponsoren firmenlogo auf drucksorten Zu den Veranstaltungen von horizontal20 \u2013 Festival f\u00fcr neue Perspektiven wird ein [&hellip;]<\/p>\n","protected":false},"author":1,"featured_media":0,"parent":0,"menu_order":0,"comment_status":"closed","ping_status":"closed","template":"","meta":[],"_links":{"self":[{"href":"https:\/\/horizontal20.at\/index.php\/wp-json\/wp\/v2\/pages\/83"}],"collection":[{"href":"https:\/\/horizontal20.at\/index.php\/wp-json\/wp\/v2\/pages"}],"about":[{"href":"https:\/\/horizontal20.at\/index.php\/wp-json\/wp\/v2\/types\/page"}],"author":[{"embeddable":true,"href":"https:\/\/horizontal20.at\/index.php\/wp-json\/wp\/v2\/users\/1"}],"replies":[{"embeddable":true,"href":"https:\/\/horizontal20.at\/index.php\/wp-json\/wp\/v2\/comments?post=83"}],"version-history":[{"count":8,"href":"https:\/\/horizontal20.at\/index.php\/wp-json\/wp\/v2\/pages\/83\/revisions"}],"predecessor-version":[{"id":576,"href":"https:\/\/horizontal20.at\/index.php\/wp-json\/wp\/v2\/pages\/83\/revisions\/576"}],"wp:attachment":[{"href":"https:\/\/horizontal20.at\/index.php\/wp-json\/wp\/v2\/media?parent=83"}],"curies":[{"name":"wp","href":"https:\/\/api.w.org\/{rel}","templated":true}]}}